{"id":993,"date":"2024-02-02T11:05:25","date_gmt":"2024-02-02T10:05:25","guid":{"rendered":"https:\/\/grupofomentodefachadas.com\/?page_id=993"},"modified":"2024-02-21T11:17:04","modified_gmt":"2024-02-21T10:17:04","slug":"servicios","status":"publish","type":"page","link":"https:\/\/grupofomentodefachadas.com\/index.php\/servicios\/","title":{"rendered":"Servicios"},"content":{"rendered":"\n<div class=\"wp-block-stackable-columns stk-block-columns stk-block stk-f5b91cd\" data-block-id=\"f5b91cd\"><style>.stk-f5b91cd{margin-bottom:11px !important}<\/style><div class=\"stk-row stk-inner-blocks stk-block-content stk-content-align stk-f5b91cd-column\">\n<div class=\"wp-block-stackable-column stk-block-column stk-column stk-block stk-149c598\" data-v=\"4\" data-block-id=\"149c598\"><style>@media screen and (min-width:690px){.stk-149c598{flex:1 1 calc(53.2% - var(--stk-column-gap,0px) * 1 \/ 2 ) !important}}<\/style><div class=\"stk-column-wrapper stk-block-column__content stk-container stk-149c598-container stk--no-background stk--no-padding\"><div class=\"stk-block-content stk-inner-blocks stk-149c598-inner-blocks\">\n<figure class=\"wp-block-image size-full is-resized\"><img loading=\"lazy\" decoding=\"async\" width=\"422\" height=\"325\" src=\"https:\/\/grupofomentodefachadas.com\/wp-content\/uploads\/2024\/02\/Servicios1-05.png\" alt=\"\" class=\"wp-image-1136\" style=\"width:586px;height:auto\" srcset=\"https:\/\/grupofomentodefachadas.com\/wp-content\/uploads\/2024\/02\/Servicios1-05.png 422w, https:\/\/grupofomentodefachadas.com\/wp-content\/uploads\/2024\/02\/Servicios1-05-300x231.png 300w\" sizes=\"auto, (max-width: 422px) 100vw, 422px\" \/><\/figure>\n<\/div><\/div><\/div>\n\n\n\n<div class=\"wp-block-stackable-column stk-block-column stk-column stk-block stk-838bea6\" data-v=\"4\" data-block-id=\"838bea6\"><style>@media screen and (min-width:690px){.stk-838bea6{flex:1 1 calc(46.79999999999998% - var(--stk-column-gap,0px) * 1 \/ 2 ) !important}}<\/style><div class=\"stk-column-wrapper stk-block-column__content stk-container stk-838bea6-container stk--no-background stk--no-padding\"><div class=\"stk-block-content stk-inner-blocks stk-838bea6-inner-blocks\">\n<p class=\"has-palette-color-2-color has-text-color has-link-color has-large-font-size wp-elements-75b38c4518a195ff3884221b00bd2336\"><span style=\"color: var(--theme-palette-color-2, #99cc33);\" class=\"stk-highlight\"><strong>NUESTROS SERVICIOS TECNICOS<\/strong><\/span><\/p>\n\n\n\n<ul class=\"wp-block-list\">\n<li class=\"has-medium-font-size\">Proyectos y plano<br>ITE<br>Diagnosis e informes<\/li>\n\n\n\n<li class=\"has-medium-font-size\">C\u00e9dulas de habitabilidad<br>Certificados energ\u00e9ticos<\/li>\n\n\n\n<li class=\"has-large-font-size\"><span style=\"color: var(--theme-palette-color-2, #99cc33);\" class=\"stk-highlight\"><strong>TRAMITACIONES<\/strong><\/span><\/li>\n\n\n\n<li class=\"has-medium-font-size\">Licencias y permisos<\/li>\n\n\n\n<li class=\"has-medium-font-size\">Subvenciones y ayudas<\/li>\n\n\n\n<li class=\"has-medium-font-size\">Legalizaci\u00f3n de instalaciones<\/li>\n<\/ul>\n<\/div><\/div><\/div>\n<\/div><\/div>\n\n\n\n<div class=\"wp-block-stackable-image-box stk-block-image-box stk-hover-parent stk-block stk-2db9078 is-style-default\" data-block-id=\"2db9078\"><style>.stk-2db9078{margin-bottom:0px !important}<\/style><div class=\"stk-block-content stk-inner-blocks has-text-align-center stk-row stk-block-image-box__content\">\n<div class=\"wp-block-stackable-image stk-block-image stk-block stk-2aac3a8\" data-block-id=\"2aac3a8\"><style>.stk-2aac3a8 .stk-img-wrapper{width:33% !important;height:288px !important}:where(.stk-hover-parent:hover,.stk-hover-parent.stk--is-hovered) .stk-2aac3a8 .stk-img-wrapper::after{background-color:#000000B3 !important}<\/style><figure><span class=\"stk-img-wrapper stk-image--shape-stretch\"><img loading=\"lazy\" decoding=\"async\" class=\"stk-img wp-image-1139\" src=\"https:\/\/grupofomentodefachadas.com\/wp-content\/uploads\/2024\/02\/Servicios-2-05.png\" width=\"448\" height=\"304\" srcset=\"https:\/\/grupofomentodefachadas.com\/wp-content\/uploads\/2024\/02\/Servicios-2-05.png 448w, https:\/\/grupofomentodefachadas.com\/wp-content\/uploads\/2024\/02\/Servicios-2-05-300x204.png 300w\" sizes=\"auto, (max-width: 448px) 100vw, 448px\" \/><\/span><\/figure><\/div>\n\n\n\n<div class=\"wp-block-stackable-column stk-block-column stk-column stk-block stk-a140081\" data-v=\"4\" data-block-id=\"a140081\"><style>.stk-a140081{align-items:center !important;display:flex !important}<\/style><div class=\"stk-column-wrapper stk-block-column__content stk-container stk-a140081-container stk--no-background stk--no-padding\"><div class=\"stk-block-content stk-inner-blocks stk-a140081-inner-blocks\">\n<p><\/p>\n<\/div><\/div><\/div>\n<\/div><\/div>\n\n\n\n<p class=\"has-large-font-size\"><span style=\"color: var(--theme-palette-color-2, #99cc33);\" class=\"stk-highlight\"><strong>SERVICIOS<\/strong><\/span><\/p>\n\n\n\n<p class=\"has-medium-font-size\">Un amplio equipo humano con la mayor experiencia, dirigido por un arquitecto t\u00e9cnico, hace que nuestra empresa sea autosuficiente, no dependa de servicios auxiliares, tanto en el campo laboral como en el t\u00e9cnico. Todo ello, hace posible que, dentro de nuestra propia estructura, podamos facilitar a nuestros clientes todo lo relacionado con licencias de obra, direcciones facultativas,<br>proyectos e inspecci\u00f3n y tramitaci\u00f3n de ITE (Inspecci\u00f3n T\u00e9cnica de Edificios), etc.<\/p>\n\n\n\n<p class=\"has-large-font-size\"><span style=\"color: var(--theme-palette-color-2, #99cc33);\" class=\"stk-highlight\"><strong>EQUIPO<\/strong><\/span><\/p>\n\n\n\n<p class=\"has-medium-font-size\">Cuenta con una plantilla de trabajadores formados a nivel interno (seg\u00fan directrices), con el objeto de obtener la mejor soluci\u00f3n a problema existente, con los materiales adecuados, todo ello supervisado por nuestro T\u00e9cnico<\/p>\n","protected":false},"excerpt":{"rendered":"<p>NUESTROS SERVICIOS TECNICOS SERVICIOS Un amplio equipo humano con la mayor experiencia, dirigido por un arquitecto t\u00e9cnico, hace que nuestra empresa sea autosuficiente, no dependa de servicios auxiliares, tanto en el campo laboral como en el t\u00e9cnico. Todo ello, hace posible que, dentro de nuestra propia estructura, podamos facilitar a nuestros clientes todo lo relacionado [&hellip;]<\/p>\n","protected":false},"author":1,"featured_media":0,"parent":0,"menu_order":0,"comment_status":"closed","ping_status":"closed","template":"","meta":{"footnotes":""},"class_list":["post-993","page","type-page","status-publish","hentry"],"blocksy_meta":[],"_links":{"self":[{"href":"https:\/\/grupofomentodefachadas.com\/index.php\/wp-json\/wp\/v2\/pages\/993","targetHints":{"allow":["GET"]}}],"collection":[{"href":"https:\/\/grupofomentodefachadas.com\/index.php\/wp-json\/wp\/v2\/pages"}],"about":[{"href":"https:\/\/grupofomentodefachadas.com\/index.php\/wp-json\/wp\/v2\/types\/page"}],"author":[{"embeddable":true,"href":"https:\/\/grupofomentodefachadas.com\/index.php\/wp-json\/wp\/v2\/users\/1"}],"replies":[{"embeddable":true,"href":"https:\/\/grupofomentodefachadas.com\/index.php\/wp-json\/wp\/v2\/comments?post=993"}],"version-history":[{"count":15,"href":"https:\/\/grupofomentodefachadas.com\/index.php\/wp-json\/wp\/v2\/pages\/993\/revisions"}],"predecessor-version":[{"id":1141,"href":"https:\/\/grupofomentodefachadas.com\/index.php\/wp-json\/wp\/v2\/pages\/993\/revisions\/1141"}],"wp:attachment":[{"href":"https:\/\/grupofomentodefachadas.com\/index.php\/wp-json\/wp\/v2\/media?parent=993"}],"curies":[{"name":"wp","href":"https:\/\/api.w.org\/{rel}","templated":true}]}}